{"id":9,"date":"2016-02-22T14:54:28","date_gmt":"2016-02-22T14:54:28","guid":{"rendered":"http:\/\/torsten-kuehne.de\/?page_id=9"},"modified":"2016-04-12T06:24:26","modified_gmt":"2016-04-12T06:24:26","slug":"ueber-mich","status":"publish","type":"page","link":"https:\/\/torsten-kuehne.de\/?page_id=9","title":{"rendered":"\u00dcber mich"},"content":{"rendered":"<p><img loading=\"lazy\" decoding=\"async\" class=\"alignnone size-medium wp-image-10\" src=\"https:\/\/torsten-kuehne.de\/wp-content\/uploads\/2016\/02\/ADA_6198-300x200.jpg\" alt=\"ADA_6198\" width=\"300\" height=\"200\" srcset=\"https:\/\/torsten-kuehne.de\/wp-content\/uploads\/2016\/02\/ADA_6198-300x200.jpg 300w, https:\/\/torsten-kuehne.de\/wp-content\/uploads\/2016\/02\/ADA_6198-768x511.jpg 768w, https:\/\/torsten-kuehne.de\/wp-content\/uploads\/2016\/02\/ADA_6198-1024x681.jpg 1024w, https:\/\/torsten-kuehne.de\/wp-content\/uploads\/2016\/02\/ADA_6198.jpg 1772w\" sizes=\"(max-width: 300px) 100vw, 300px\" \/><\/p>\n<h5>Geboren am 4. Dezember 1975 in Berlin-Buch<\/h5>\n<ul>\n<li>seit <strong>Oktober 2011 <\/strong>Stadtrat f\u00fcr Verbraucherschutz, Kultur, Umwelt und B\u00fcrgerservice im Bezirksamt Pankow von Berlin<\/li>\n<li>von <strong>November 2006<\/strong> bis<strong> Oktober 2011 <\/strong>Wissenschaftlicher Referent der CDU-Fraktion im Berliner Abgeordnetenhaus<\/li>\n<li>\n<div>von <strong>M\u00e4rz 2004\u00a0<\/strong>bis<strong> Juli 2009 <\/strong>Wissenschaftlicher Mitarbeiter am Max-Planck-Institut f\u00fcr Kolloid- und Grenzfl\u00e4chenforschung in Potsdam-Golm<\/div>\n<\/li>\n<li>\n<div>von <strong>M\u00e4rz 2004 <\/strong>bis <strong>M\u00e4rz 2007 <\/strong>Anfertigung einer Doktorarbeit am Max-Planck-Institut f\u00fcr Kolloid- und Grenzfl\u00e4chenforschung in Potsdam-Golm in Theoretischer Biophysik<\/div>\n<\/li>\n<li>\n<div>von<strong> August 1999 <\/strong>bis <strong>Mai 2000 <\/strong>Studium der Physik an der University of Texas at Austin, USA<\/div>\n<\/li>\n<li>\n<div>von <strong>April 1996 <\/strong>bis <strong>Juli 2003 <\/strong>Studium der Physik an der Freien Universit\u00e4t Berlin<\/div>\n<\/li>\n<li>\n<div>von <strong>Oktober\u00a01995 <\/strong>bis\u00a0<strong>April 1996 <\/strong>Studium\u00a0im Bereich Verkehrswesen an der\u00a0Technischen Universit\u00e4t Berlin<\/div>\n<\/li>\n<li>\n<div>von <strong>September 1990 <\/strong>bis <strong>April 1995 <\/strong>Besuch des Georg-Christoph-Lichtenberg-Gymnasiums in Berlin-Lichtenberg<\/div>\n<\/li>\n<li>\n<div>von <strong>September 1982 <\/strong>bis<strong> Juli 1990 <\/strong>Besuch der 44. Polytechnischen Oberschule in Berlin-Lichtenberg<\/div>\n<\/li>\n<\/ul>\n<h5>Sprachkenntnisse<\/h5>\n<ul>\n<li>Englisch<\/li>\n<li>Franz\u00f6sisch<\/li>\n<li>Russisch (Grundkenntnisse)<\/li>\n<\/ul>\n<h5>Interessen<\/h5>\n<ul>\n<li>Europ\u00e4ische Geschichte<\/li>\n<li>Franz\u00f6sische Lebenskultur<\/li>\n<li>Englischer Humor<\/li>\n<li>Deutsche Philosophie<\/li>\n<li>Italienische K\u00fcche<\/li>\n<\/ul>\n<h5>Politische Laufbahn<\/h5>\n<ul>\n<li>\n<div><strong>September 2011<\/strong> Kandidat der CDU Pankow f\u00fcr das Bezirksamt Pankow<\/div>\n<\/li>\n<li>\n<div><strong>Juni 2009 <\/strong>Kandidat der CDU Berlin zum Europ\u00e4ischen Parlament<\/div>\n<\/li>\n<li>\n<div>seit <strong>Februar 2009 <\/strong>Mitglied des Kreisvorstandes der CDU Pankow<\/div>\n<\/li>\n<li>\n<div>seit<strong> Januar 2009 <\/strong>Vorsitzender der CDU Prenzlauer Allee<\/div>\n<\/li>\n<li>\n<div>seit<strong> Oktober 2007 <\/strong>Koordinator f\u00fcr die Kooperation der CDU Pankow und der UMP Paris<\/div>\n<\/li>\n<li>\n<div>seit <strong>Januar 2006 <\/strong>Mitglied der Christlich-Demokratischen Union Deutschlands (CDU)<\/div>\n<\/li>\n<li>\n<div>seit <strong>November 2005 <\/strong>Mitglied der Union pour un Mouvement Populaire (UMP), Frankreich<\/div>\n<\/li>\n<\/ul>\n","protected":false},"excerpt":{"rendered":"<p>Geboren am 4. Dezember 1975 in Berlin-Buch seit Oktober 2011 Stadtrat f\u00fcr Verbraucherschutz, Kultur, Umwelt und B\u00fcrgerservice im Bezirksamt Pankow von Berlin von November 2006 bis Oktober 2011 Wissenschaftlicher Referent der CDU-Fraktion im Berliner Abgeordnetenhaus von M\u00e4rz 2004\u00a0bis Juli 2009 Wissenschaftlicher Mitarbeiter am Max-Planck-Institut f\u00fcr Kolloid- und Grenzfl\u00e4chenforschung in Potsdam-Golm von M\u00e4rz 2004 bis M\u00e4rz <a class=\"more-link\" href=\"https:\/\/torsten-kuehne.de\/?page_id=9\">Weiterlesen&#8230;<\/a><\/p>\n","protected":false},"author":2,"featured_media":0,"parent":0,"menu_order":1,"comment_status":"closed","ping_status":"closed","template":"","meta":{"footnotes":""},"_links":{"self":[{"href":"https:\/\/torsten-kuehne.de\/index.php?rest_route=\/wp\/v2\/pages\/9"}],"collection":[{"href":"https:\/\/torsten-kuehne.de\/index.php?rest_route=\/wp\/v2\/pages"}],"about":[{"href":"https:\/\/torsten-kuehne.de\/index.php?rest_route=\/wp\/v2\/types\/page"}],"author":[{"embeddable":true,"href":"https:\/\/torsten-kuehne.de\/index.php?rest_route=\/wp\/v2\/users\/2"}],"replies":[{"embeddable":true,"href":"https:\/\/torsten-kuehne.de\/index.php?rest_route=%2Fwp%2Fv2%2Fcomments&post=9"}],"version-history":[{"count":2,"href":"https:\/\/torsten-kuehne.de\/index.php?rest_route=\/wp\/v2\/pages\/9\/revisions"}],"predecessor-version":[{"id":111,"href":"https:\/\/torsten-kuehne.de\/index.php?rest_route=\/wp\/v2\/pages\/9\/revisions\/111"}],"wp:attachment":[{"href":"https:\/\/torsten-kuehne.de\/index.php?rest_route=%2Fwp%2Fv2%2Fmedia&parent=9"}],"curies":[{"name":"wp","href":"https:\/\/api.w.org\/{rel}","templated":true}]}}