{"id":41,"date":"2016-03-06T16:21:36","date_gmt":"2016-03-06T16:21:36","guid":{"rendered":"http:\/\/torsten-kuehne.de\/?page_id=41"},"modified":"2016-03-27T14:40:43","modified_gmt":"2016-03-27T14:40:43","slug":"impressum","status":"publish","type":"page","link":"https:\/\/torsten-kuehne.de\/?page_id=41","title":{"rendered":"Impressum"},"content":{"rendered":"<p><strong>Impressum<\/strong><\/p>\n<p>Angaben gem\u00e4\u00df \u00a7 5 TMG:<\/p>\n<p>Dr. Torsten K\u00fchne<br \/>\nBerliner Stra\u00dfe 38<br \/>\n13187 Berlin<\/p>\n<p>Telefon : 030 4287481<br \/>\nFax : 030 42806377<br \/>\nEmail : info(at)torsten-kuehne.de<\/p>\n<p>Verantwortlich f\u00fcr den Inhalt nach \u00a7 55 Abs. 2 RStV: Torsten K\u00fchne.<\/p>\n<p>Bei dem Inhalt unserer Internetseiten handelt es sich um urheberrechtlich gesch\u00fctzte Werke. Wir gestatten die \u00dcbernahme von Texten in Datenbest\u00e4nde, die ausschlie\u00dflich f\u00fcr den privaten Gebrauch eines Nutzers bestimmt sind. Die \u00dcbernahme und Nutzung der Daten zu anderen Zwecken bedarf der schriftlichen Zustimmung.<\/p>\n<p><strong>Haftungshinweis:<\/strong><br \/>\nIm Rahmen unseres Dienstes werden auch Links zu Internetinhalten anderer Anbieter bereitgestellt. Auf den Inhalt dieser Seiten haben wir keinen Einfluss; f\u00fcr den Inhalt ist ausschlie\u00dflich der Betreiber der anderen Website verantwortlich. Trotz der \u00dcberpr\u00fcfung der Inhalte im gesetzlich gebotenen Rahmen m\u00fcssen wir daher jede Verantwortung f\u00fcr den Inhalt dieser Links bzw. der verlinkten Seite ablehnen.<\/p>\n<p><strong>Datenschutzerkl\u00e4rung f\u00fcr die Nutzung von Social-Plugins:<\/strong><br \/>\nAuf unseren Internetseiten sind Plugins von sozialen Netzwerken eingebunden. Die Plugins erkennen Sie an den entsprechenden Logos (Facebook, Google+, Twitter usw.).<\/p>\n<p>Wenn Sie mit den Plugins interagieren, baut Ihr Browser eine direkte Verbindung mit den Servern der sozialen Netzwerke auf. Die Sozialen Netzwerke erhalten dadurch die Information, dass Sie mit Ihrer IP-Adresse unsere Seite besucht haben. Wenn Sie bei den Sozialen Netzwerken eingeloggt sind, k\u00f6nnen diese den Besuch Ihrem jeweiligen Nutzer-Konto zuordnen.<\/p>\n<p>Da diese \u00dcbertragung direkt verl\u00e4uft, erhalten wir keine Kenntnis von den \u00fcbermittelten Daten. Informationen zu Zweck und Umfang der Datenerhebung durch die Sozialen Netzwerke, die weitere Verarbeitung und Nutzung der Daten durch die Sozialen Netzwerke sowie Ihre diesbez\u00fcglichen Rechte und Einstellungsm\u00f6glichkeiten zum Schutz Ihrer Privatsph\u00e4re entnehmen Sie bitte den Datenschutzhinweisen des jeweiligen Sozialen Netzwerks.<\/p>\n","protected":false},"excerpt":{"rendered":"<p>Impressum Angaben gem\u00e4\u00df \u00a7 5 TMG: Dr. Torsten K\u00fchne Berliner Stra\u00dfe 38 13187 Berlin Telefon : 030 4287481 Fax : 030 42806377 Email : info(at)torsten-kuehne.de Verantwortlich f\u00fcr den Inhalt nach \u00a7 55 Abs. 2 RStV: Torsten K\u00fchne. Bei dem Inhalt unserer Internetseiten handelt es sich um urheberrechtlich gesch\u00fctzte Werke. Wir gestatten die \u00dcbernahme von Texten <a class=\"more-link\" href=\"https:\/\/torsten-kuehne.de\/?page_id=41\">Weiterlesen&#8230;<\/a><\/p>\n","protected":false},"author":2,"featured_media":0,"parent":0,"menu_order":5,"comment_status":"closed","ping_status":"closed","template":"","meta":{"footnotes":""},"_links":{"self":[{"href":"https:\/\/torsten-kuehne.de\/index.php?rest_route=\/wp\/v2\/pages\/41"}],"collection":[{"href":"https:\/\/torsten-kuehne.de\/index.php?rest_route=\/wp\/v2\/pages"}],"about":[{"href":"https:\/\/torsten-kuehne.de\/index.php?rest_route=\/wp\/v2\/types\/page"}],"author":[{"embeddable":true,"href":"https:\/\/torsten-kuehne.de\/index.php?rest_route=\/wp\/v2\/users\/2"}],"replies":[{"embeddable":true,"href":"https:\/\/torsten-kuehne.de\/index.php?rest_route=%2Fwp%2Fv2%2Fcomments&post=41"}],"version-history":[{"count":5,"href":"https:\/\/torsten-kuehne.de\/index.php?rest_route=\/wp\/v2\/pages\/41\/revisions"}],"predecessor-version":[{"id":94,"href":"https:\/\/torsten-kuehne.de\/index.php?rest_route=\/wp\/v2\/pages\/41\/revisions\/94"}],"wp:attachment":[{"href":"https:\/\/torsten-kuehne.de\/index.php?rest_route=%2Fwp%2Fv2%2Fmedia&parent=41"}],"curies":[{"name":"wp","href":"https:\/\/api.w.org\/{rel}","templated":true}]}}